{"id":44,"date":"2023-07-14T14:02:12","date_gmt":"2023-07-14T14:02:12","guid":{"rendered":"https:\/\/profikaminsysteme.com\/?page_id=44"},"modified":"2025-02-21T09:55:49","modified_gmt":"2025-02-21T09:55:49","slug":"profi-kaminsysteme","status":"publish","type":"page","link":"https:\/\/profikaminsysteme.com\/","title":{"rendered":"Profi Kaminsysteme"},"content":{"rendered":"\t\t<div data-elementor-type=\"wp-page\" data-elementor-id=\"44\" class=\"elementor elementor-44\" data-elementor-post-type=\"page\">\n\t\t\t\t<div class=\"dsn-bg-section p-absolute w-100 h-100 over-hidden hidden top-0 left-0 \" data-dsn=\"bg_section\">\n\n<div class=\"h-100 img-box-parallax before-z-index \" data-dsn-triggerhook=\"bottom\" data-dsn-grid=\"move-up\" data-overlay=\"1\">\n\n\t<img fetchpriority=\"high\" decoding=\"async\" width=\"960\" height=\"505\" src=\"https:\/\/profikaminsysteme.com\/wp-content\/uploads\/2023\/07\/AdobeStock_478480037-1024x539.jpeg\" class=\" cover-bg-img has-direction\" alt=\"\" data-dsn-speed=\"30%\" srcset=\"https:\/\/profikaminsysteme.com\/wp-content\/uploads\/2023\/07\/AdobeStock_478480037-1024x539.jpeg 1024w, https:\/\/profikaminsysteme.com\/wp-content\/uploads\/2023\/07\/AdobeStock_478480037-300x158.jpeg 300w, https:\/\/profikaminsysteme.com\/wp-content\/uploads\/2023\/07\/AdobeStock_478480037-768x404.jpeg 768w, https:\/\/profikaminsysteme.com\/wp-content\/uploads\/2023\/07\/AdobeStock_478480037-1536x808.jpeg 1536w, https:\/\/profikaminsysteme.com\/wp-content\/uploads\/2023\/07\/AdobeStock_478480037-2048x1077.jpeg 2048w, https:\/\/profikaminsysteme.com\/wp-content\/uploads\/2023\/07\/AdobeStock_478480037-1200x631.jpeg 1200w\" sizes=\"(max-width: 960px) 100vw, 960px\" \/>\n<\/div>\n\n<\/div>\t\t<header class=\"elementor-section elementor-top-section elementor-element elementor-element-KvPrUZoM elementor-section-full_width elementor-section-stretched background-transparent elementor-section-height-default elementor-section-height-default\" data-id=\"KvPrUZoM\" data-element_type=\"section\" data-settings=\"{&quot;stretch_section&quot;:&quot;section-stretched&quot;}\">\n\t\t\t\t\t\t\t<div class=\"elementor-background-overlay\"><\/div>\n\t\t\t\t\t\t\t<div class=\"elementor-container elementor-column-gap-no\">\n\t\t\t\t\t<div class=\"elementor-column elementor-col-100 elementor-top-column elementor-element elementor-element-2fec5d2 container background-transparent\" data-id=\"2fec5d2\" data-element_type=\"column\">\n\t\t\t<div class=\"elementor-widget-wrap elementor-element-populated\">\n\t\t\t\t\t\t<div class=\"elementor-element elementor-element-7687ad90 background-transparent elementor-widget elementor-widget-dsn_heading\" data-id=\"7687ad90\" data-element_type=\"widget\" data-widget_type=\"dsn_heading.default\">\n\t\t\t\t<div class=\"elementor-widget-container\">\n\t\t\t\t\t<h1 class=\"title dsn-heading-title d-inline-block p-relative     \">Kompetenz. Klasse. Kamin.<\/h1>\t\t\t\t<\/div>\n\t\t\t\t<\/div>\n\t\t\t\t<div class=\"elementor-element elementor-element-327dc498 background-transparent elementor-widget elementor-widget-dsn_heading\" data-id=\"327dc498\" data-element_type=\"widget\" data-widget_type=\"dsn_heading.default\">\n\t\t\t\t<div class=\"elementor-widget-container\">\n\t\t\t\t\t<p class=\"dsn-heading-title d-inline-block p-relative     \"><span>Willkommen bei Profi Kaminsysteme, Ihrem lokalen Gro\u00dfhandelsunternehmen f\u00fcr Kamine in Kitzb\u00fchel!<\/span><br><span>\nUnsere Rohstoffe beziehen wir bevorzugt aus regionalen Quellen, um die lokale Wirtschaft zu unterst\u00fctzen und nachhaltige Praktiken zu f\u00f6rdern.<\/span><\/p>\t\t\t\t<\/div>\n\t\t\t\t<\/div>\n\t\t\t\t<div class=\"elementor-element elementor-element-202972e1 dsn-def-btn dsn-hover-icon dsn-icon-heading-color elementor-widget elementor-widget-dsn_button\" data-id=\"202972e1\" data-element_type=\"widget\" data-widget_type=\"dsn_button.default\">\n\t\t\t\t<div class=\"elementor-widget-container\">\n\t\t\t\t\t<a class=\"dsn-btn dsn-border border-color-default  background-section   effect-ajax effect-ajax has-icon-left\" href=\"https:\/\/profikaminsysteme.com\/?page_id=235\" data-dsn-text=\"Preisliste\"> <span class=\"dsn-icon dsn-bg-before btn-icon-left heading-color z-index-1\"><i class=\"fas fa-angle-right\"><\/i><\/span> <span class=\"title-btn p-relative  z-index-1 \">Preisliste<\/span> <\/a>\t\t\t\t<\/div>\n\t\t\t\t<\/div>\n\t\t\t\t<div class=\"elementor-element elementor-element-7631ce1 elementor-widget elementor-widget-heading\" data-id=\"7631ce1\" data-element_type=\"widget\" data-widget_type=\"heading.default\">\n\t\t\t\t<div class=\"elementor-widget-container\">\n\t\t\t\t\t<h2 class=\"elementor-heading-title elementor-size-default\">Jochberger Stra\u00dfe 102 \u00b7 6370 Kitzbu\u0308hel<br>\nTel.: +43 (0)676 843 78 22 91 <br>E-Mail: office@profikaminsysteme.com<\/h2>\t\t\t\t<\/div>\n\t\t\t\t<\/div>\n\t\t\t\t\t<\/div>\n\t\t<\/div>\n\t\t\t\t\t<\/div>\n\t\t<\/header>\n\t\t\t\t<div class=\"elementor-section elementor-top-section elementor-element elementor-element-vt1wJ8jO mb-section elementor-section-full_width elementor-section-stretched background-transparent elementor-section-height-default elementor-section-height-default\" data-id=\"vt1wJ8jO\" data-element_type=\"section\" data-settings=\"{&quot;stretch_section&quot;:&quot;section-stretched&quot;}\">\n\t\t\t\t\t\t<div class=\"elementor-container elementor-column-gap-no\">\n\t\t\t\t\t<div class=\"elementor-column elementor-col-100 elementor-top-column elementor-element elementor-element-64b5e7cf background-transparent\" data-id=\"64b5e7cf\" data-element_type=\"column\">\n\t\t\t<div class=\"elementor-widget-wrap elementor-element-populated\">\n\t\t\t\t\t\t<div class=\"elementor-element elementor-element-1550629 elementor-absolute dsn-equal-height h-100 elementor-widget elementor-widget-dsn_bg_mask\" data-id=\"1550629\" data-element_type=\"widget\" data-settings=\"{&quot;_position&quot;:&quot;absolute&quot;}\" data-widget_type=\"dsn_bg_mask.default\">\n\t\t\t\t<div class=\"elementor-widget-container\">\n\t\t\t\t\t<div class=\"dsn-bg-mask  background-section\"><\/div>\t\t\t\t<\/div>\n\t\t\t\t<\/div>\n\t\t\t\t<section class=\"elementor-section elementor-inner-section elementor-element elementor-element-75cb08cc section-padding container v-light background-theme elementor-section-full_width elementor-section-height-default elementor-section-height-default\" data-id=\"75cb08cc\" data-element_type=\"section\">\n\t\t\t\t\t\t<div class=\"elementor-container elementor-column-gap-no\">\n\t\t\t\t\t<div class=\"elementor-column elementor-col-33 elementor-inner-column elementor-element elementor-element-75a9954d background-transparent\" data-id=\"75a9954d\" data-element_type=\"column\">\n\t\t\t<div class=\"elementor-widget-wrap elementor-element-populated\">\n\t\t\t\t\t\t<div class=\"elementor-element elementor-element-48b5d2c5 elementor-align-center background-transparent elementor-widget elementor-widget-dsn_heading\" data-id=\"48b5d2c5\" data-element_type=\"widget\" data-widget_type=\"dsn_heading.default\">\n\t\t\t\t<div class=\"elementor-widget-container\">\n\t\t\t\t\t<h5 class=\"font-number dsn-heading-title d-inline-block p-relative     dsn-animate-number\">130+<\/h5>\t\t\t\t<\/div>\n\t\t\t\t<\/div>\n\t\t\t\t<div class=\"elementor-element elementor-element-4dd178df elementor-align-center background-transparent elementor-widget elementor-widget-dsn_heading\" data-id=\"4dd178df\" data-element_type=\"widget\" data-widget_type=\"dsn_heading.default\">\n\t\t\t\t<div class=\"elementor-widget-container\">\n\t\t\t\t\t<h4 class=\"title-block dsn-heading-title d-inline-block p-relative     \">Jahre<\/h4>\t\t\t\t<\/div>\n\t\t\t\t<\/div>\n\t\t\t\t<div class=\"elementor-element elementor-element-1ea94302 elementor-align-center numberstext background-transparent elementor-widget elementor-widget-dsn_heading\" data-id=\"1ea94302\" data-element_type=\"widget\" data-widget_type=\"dsn_heading.default\">\n\t\t\t\t<div class=\"elementor-widget-container\">\n\t\t\t\t\t<p class=\"sm-p dsn-heading-title d-inline-block p-relative     \">Nun schon in der fu\u0308nften Generation erkennt Florian Huber die Zeichen seiner Zeit und die M\u00f6glichkeiten einer speziellen Erweiterung des Familienunternehmens.<\/p>\t\t\t\t<\/div>\n\t\t\t\t<\/div>\n\t\t\t\t\t<\/div>\n\t\t<\/div>\n\t\t\t\t<div class=\"elementor-column elementor-col-33 elementor-inner-column elementor-element elementor-element-6f70dbbe background-transparent\" data-id=\"6f70dbbe\" data-element_type=\"column\">\n\t\t\t<div class=\"elementor-widget-wrap elementor-element-populated\">\n\t\t\t\t\t\t<div class=\"elementor-element elementor-element-71a70c78 elementor-align-center background-transparent elementor-widget elementor-widget-dsn_heading\" data-id=\"71a70c78\" data-element_type=\"widget\" data-widget_type=\"dsn_heading.default\">\n\t\t\t\t<div class=\"elementor-widget-container\">\n\t\t\t\t\t<h5 class=\"font-number dsn-heading-title d-inline-block p-relative     dsn-animate-number\">60+<\/h5>\t\t\t\t<\/div>\n\t\t\t\t<\/div>\n\t\t\t\t<div class=\"elementor-element elementor-element-111cadef elementor-align-center background-transparent elementor-widget elementor-widget-dsn_heading\" data-id=\"111cadef\" data-element_type=\"widget\" data-widget_type=\"dsn_heading.default\">\n\t\t\t\t<div class=\"elementor-widget-container\">\n\t\t\t\t\t<h4 class=\"title-block dsn-heading-title d-inline-block p-relative     \">Klienten\t\n<\/h4>\t\t\t\t<\/div>\n\t\t\t\t<\/div>\n\t\t\t\t<div class=\"elementor-element elementor-element-65ecd286 elementor-align-center numberstext background-transparent elementor-widget elementor-widget-dsn_heading\" data-id=\"65ecd286\" data-element_type=\"widget\" data-widget_type=\"dsn_heading.default\">\n\t\t\t\t<div class=\"elementor-widget-container\">\n\t\t\t\t\t<p class=\"sm-p dsn-heading-title d-inline-block p-relative     \">Unsere Klienten sind uns am wichtigsten\u2014 und deswegen bleiben sie auch so lange bei uns.<\/p>\t\t\t\t<\/div>\n\t\t\t\t<\/div>\n\t\t\t\t\t<\/div>\n\t\t<\/div>\n\t\t\t\t<div class=\"elementor-column elementor-col-33 elementor-inner-column elementor-element elementor-element-ab334ac background-transparent\" data-id=\"ab334ac\" data-element_type=\"column\">\n\t\t\t<div class=\"elementor-widget-wrap elementor-element-populated\">\n\t\t\t\t\t\t<div class=\"elementor-element elementor-element-631477f5 elementor-align-center background-transparent elementor-widget elementor-widget-dsn_heading\" data-id=\"631477f5\" data-element_type=\"widget\" data-widget_type=\"dsn_heading.default\">\n\t\t\t\t<div class=\"elementor-widget-container\">\n\t\t\t\t\t<h5 class=\"font-number dsn-heading-title d-inline-block p-relative     dsn-animate-number\">20+<\/h5>\t\t\t\t<\/div>\n\t\t\t\t<\/div>\n\t\t\t\t<div class=\"elementor-element elementor-element-4a800253 elementor-align-center background-transparent elementor-widget elementor-widget-dsn_heading\" data-id=\"4a800253\" data-element_type=\"widget\" data-widget_type=\"dsn_heading.default\">\n\t\t\t\t<div class=\"elementor-widget-container\">\n\t\t\t\t\t<h4 class=\"title-block dsn-heading-title d-inline-block p-relative     \">Komponenten<\/h4>\t\t\t\t<\/div>\n\t\t\t\t<\/div>\n\t\t\t\t<div class=\"elementor-element elementor-element-661c9374 elementor-align-center numberstext background-transparent elementor-widget elementor-widget-dsn_heading\" data-id=\"661c9374\" data-element_type=\"widget\" data-widget_type=\"dsn_heading.default\">\n\t\t\t\t<div class=\"elementor-widget-container\">\n\t\t\t\t\t<p class=\"sm-p dsn-heading-title d-inline-block p-relative     \">Alle Komponenten sind zertifiziert und der Abgasschacht F90 zus\u00e4tzlich mit Jeremias-Zertifikat versehen.<\/p>\t\t\t\t<\/div>\n\t\t\t\t<\/div>\n\t\t\t\t<div class=\"elementor-element elementor-element-78909d7 elementor-widget elementor-widget-heading\" data-id=\"78909d7\" data-element_type=\"widget\" data-widget_type=\"heading.default\">\n\t\t\t\t<div class=\"elementor-widget-container\">\n\t\t\t\t\t<div class=\"elementor-heading-title elementor-size-default\"><a href=\"https:\/\/profikaminsysteme.com\/?page_id=140\">EU-Konformit\u00e4tserkl\u00e4rung<\/a><\/div>\t\t\t\t<\/div>\n\t\t\t\t<\/div>\n\t\t\t\t\t<\/div>\n\t\t<\/div>\n\t\t\t\t\t<\/div>\n\t\t<\/section>\n\t\t\t\t\t<\/div>\n\t\t<\/div>\n\t\t\t\t\t<\/div>\n\t\t<\/div>\n\t\t\t\t<section class=\"elementor-section elementor-top-section elementor-element elementor-element-665583a background-transparent elementor-section-boxed elementor-section-height-default elementor-section-height-default\" data-id=\"665583a\" data-element_type=\"section\">\n\t\t\t\t\t\t<div class=\"elementor-container elementor-column-gap-default\">\n\t\t\t\t\t<div class=\"elementor-column elementor-col-100 elementor-top-column elementor-element elementor-element-bf53597 background-transparent\" data-id=\"bf53597\" data-element_type=\"column\">\n\t\t\t<div class=\"elementor-widget-wrap elementor-element-populated\">\n\t\t\t\t\t\t<div class=\"elementor-element elementor-element-5f3da1b elementor-widget elementor-widget-spacer\" data-id=\"5f3da1b\" data-element_type=\"widget\" data-widget_type=\"spacer.default\">\n\t\t\t\t<div class=\"elementor-widget-container\">\n\t\t\t\t\t\t\t<div class=\"elementor-spacer\">\n\t\t\t<div class=\"elementor-spacer-inner\"><\/div>\n\t\t<\/div>\n\t\t\t\t\t\t<\/div>\n\t\t\t\t<\/div>\n\t\t\t\t\t<\/div>\n\t\t<\/div>\n\t\t\t\t\t<\/div>\n\t\t<\/section>\n\t\t\t\t<section class=\"elementor-section elementor-top-section elementor-element elementor-element-57f59ea3 elementor-section-full_width background-transparent elementor-section-height-default elementor-section-height-default\" data-id=\"57f59ea3\" data-element_type=\"section\">\n\t\t\t\t\t\t<div class=\"elementor-container elementor-column-gap-default\">\n\t\t\t\t\t<div class=\"elementor-column elementor-col-100 elementor-top-column elementor-element elementor-element-83c59a background-transparent\" data-id=\"83c59a\" data-element_type=\"column\">\n\t\t\t<div class=\"elementor-widget-wrap elementor-element-populated\">\n\t\t\t\t\t\t<div class=\"elementor-element elementor-element-76fcfcdb elementor-widget elementor-widget-heading\" data-id=\"76fcfcdb\" data-element_type=\"widget\" data-widget_type=\"heading.default\">\n\t\t\t\t<div class=\"elementor-widget-container\">\n\t\t\t\t\t<h2 class=\"elementor-heading-title elementor-size-medium\"><span>\u00a9 Profi Kaminsysteme 2025 | <a href=\"https:\/\/www.kitzkamin.com\/\">kitzkamin.com<\/a> | <a href=\"https:\/\/www.huber1891.com\/\">huber1891.com<\/a><\/span><\/h2>\t\t\t\t<\/div>\n\t\t\t\t<\/div>\n\t\t\t\t\t<\/div>\n\t\t<\/div>\n\t\t\t\t\t<\/div>\n\t\t<\/section>\n\t\t\t\t<\/div>\n\t\t","protected":false},"excerpt":{"rendered":"<p>Kompetenz. Klasse. Kamin. Willkommen bei Profi Kaminsysteme, Ihrem lokalen Gro\u00dfhandelsunternehmen f\u00fcr Kamine in Kitzb\u00fchel! Unsere Rohstoffe beziehen wir bevorzugt aus regionalen Quellen, um die lokale Wirtschaft zu unterst\u00fctzen und nachhaltige Praktiken zu f\u00f6rdern. Preisliste Jochberger Stra\u00dfe 102 \u00b7 6370 Kitzbu\u0308hel Tel.: +43 (0)676 843 78 22 91 E-Mail: office@profikaminsysteme.com 130+ Jahre Nun schon in der [&hellip;]<\/p>\n","protected":false},"author":2,"featured_media":0,"parent":0,"menu_order":0,"comment_status":"closed","ping_status":"closed","template":"elementor_theme","meta":{"footnotes":""},"class_list":["post-44","page","type-page","status-publish","hentry"],"acf":[],"_links":{"self":[{"href":"https:\/\/profikaminsysteme.com\/index.php?rest_route=\/wp\/v2\/pages\/44","targetHints":{"allow":["GET"]}}],"collection":[{"href":"https:\/\/profikaminsysteme.com\/index.php?rest_route=\/wp\/v2\/pages"}],"about":[{"href":"https:\/\/profikaminsysteme.com\/index.php?rest_route=\/wp\/v2\/types\/page"}],"author":[{"embeddable":true,"href":"https:\/\/profikaminsysteme.com\/index.php?rest_route=\/wp\/v2\/users\/2"}],"replies":[{"embeddable":true,"href":"https:\/\/profikaminsysteme.com\/index.php?rest_route=%2Fwp%2Fv2%2Fcomments&post=44"}],"version-history":[{"count":112,"href":"https:\/\/profikaminsysteme.com\/index.php?rest_route=\/wp\/v2\/pages\/44\/revisions"}],"predecessor-version":[{"id":316,"href":"https:\/\/profikaminsysteme.com\/index.php?rest_route=\/wp\/v2\/pages\/44\/revisions\/316"}],"wp:attachment":[{"href":"https:\/\/profikaminsysteme.com\/index.php?rest_route=%2Fwp%2Fv2%2Fmedia&parent=44"}],"curies":[{"name":"wp","href":"https:\/\/api.w.org\/{rel}","templated":true}]}}